{"id":151,"date":"2023-04-18T23:15:21","date_gmt":"2023-04-19T04:15:21","guid":{"rendered":"https:\/\/03790a6475.nxcli.io\/product\/sword-shield-astral-radiance-checklane-blister-toxel\/"},"modified":"2024-09-25T21:47:22","modified_gmt":"2024-09-25T21:47:22","slug":"sword-shield-astral-radiance-checklane-blister-toxel","status":"publish","type":"product","link":"https:\/\/iwara.shop\/ja\/product\/sword-shield-astral-radiance-checklane-blister-toxel\/","title":{"rendered":"Sword &#038; Shield: Astral Radiance &#8211; Checklane Blister (Toxel)"},"content":{"rendered":"<table class=\"singles-description-table\">\n<tbody>\n<tr>\n<td>Set:<\/td>\n<td>Sword &amp; Shield: Astral Radiance Sealed<\/td>\n<\/tr>\n<tr>\n<td>Release Date:<\/td>\n<td>2022-05-27<\/td>\n<\/tr>\n<\/tbody>\n<\/table>\n<div class=\"single-description-div\">\n<div class=\"description-text\">\n            Legends of Time &amp; Space Take Charge!<\/p>\n<p>Travel back to a land of myths, legends, and wilderness as Origin Forme Dialga VSTAR and Origin Forme Palkia VSTAR shape the fabric of time and space! Decidueye, Typhlosion, and Samurott arrive as Hisuian Pok\u00e9mon VSTAR, joining more Pok\u00e9mon and Trainers from the ancient region of Hisui. Meanwhile, Shiny Pok\u00e9mon reappear as Radiant Pok\u00e9mon, with Radiant Greninja leading the charge in the Pok\u00e9mon TCG: Sword &amp; Shield\u2014Astral Radiance expansion!<\/p>\n<p>Each Sword &amp; Shield: Astral Radiance &#8211; 3-Pack Blister (Toxel) includes:<\/p>\n<p>\u2022 1 Sword &amp; Shield: Astral Radiance &#8211; Booster Pack <br \/>\u2022 1 Promo Card featuring Toxel<br \/>\u2022 1 Collector\u2019s Coin<\/p>\n<p>(Each booster pack contains 10 randomly inserted game cards.)<\/p>\n<p>Cards vary by pack. Pack and coin may vary by product.\n        <\/p><\/div>\n<table class=\"singles-reverse-description-table\">\n<tbody>\n<\/tbody>\n<\/table>\n<div class=\"single-description-div\">\n<\/div>\n<div class=\"catalogMetaData\" style=\"visibility: hidden;\" data-cardtype=\"pkms\" data-cardid=\"2829\" data-tcgid=\"265522\" data-lastupdated=\"2022-04-04T19:25:08.760Z\">\n<\/div>\n<\/div>\n","protected":false},"excerpt":{"rendered":"<p>Set: Sword &amp; Shield: Astral Radiance Sealed Release Date: 2022-05-27 Legends of Time &amp; Space Take Char&#8230;<\/p>\n","protected":false},"featured_media":585,"comment_status":"open","ping_status":"closed","template":"","meta":{"_kad_post_transparent":"","_kad_post_title":"","_kad_post_layout":"","_kad_post_sidebar_id":"","_kad_post_content_style":"","_kad_post_vertical_padding":"","_kad_post_feature":"","_kad_post_feature_position":"","_kad_post_header":false,"_kad_post_footer":false,"_kad_post_classname":""},"product_brand":[],"product_cat":[],"product_tag":[52,42,48],"class_list":{"0":"post-151","1":"product","2":"type-product","3":"status-publish","4":"has-post-thumbnail","6":"product_tag-other-pkmn","7":"product_tag-pokemon","8":"product_tag-sword-shield","9":"product_shipping_class-small-items","11":"first","12":"outofstock","13":"shipping-taxable","14":"purchasable","15":"product-type-simple","16":"entry","17":"content-bg","18":"loop-entry"},"_links":{"self":[{"href":"https:\/\/iwara.shop\/ja\/wp-json\/wp\/v2\/product\/151","targetHints":{"allow":["GET"]}}],"collection":[{"href":"https:\/\/iwara.shop\/ja\/wp-json\/wp\/v2\/product"}],"about":[{"href":"https:\/\/iwara.shop\/ja\/wp-json\/wp\/v2\/types\/product"}],"replies":[{"embeddable":true,"href":"https:\/\/iwara.shop\/ja\/wp-json\/wp\/v2\/comments?post=151"}],"wp:featuredmedia":[{"embeddable":true,"href":"https:\/\/iwara.shop\/ja\/wp-json\/wp\/v2\/media\/585"}],"wp:attachment":[{"href":"https:\/\/iwara.shop\/ja\/wp-json\/wp\/v2\/media?parent=151"}],"wp:term":[{"taxonomy":"product_brand","embeddable":true,"href":"https:\/\/iwara.shop\/ja\/wp-json\/wp\/v2\/product_brand?post=151"},{"taxonomy":"product_cat","embeddable":true,"href":"https:\/\/iwara.shop\/ja\/wp-json\/wp\/v2\/product_cat?post=151"},{"taxonomy":"product_tag","embeddable":true,"href":"https:\/\/iwara.shop\/ja\/wp-json\/wp\/v2\/product_tag?post=151"}],"curies":[{"name":"wp","href":"https:\/\/api.w.org\/{rel}","templated":true}]}}